{"id":1864,"date":"2020-09-15T16:16:17","date_gmt":"2020-09-15T16:16:17","guid":{"rendered":"https:\/\/dynokraft.de\/page2\/?page_id=1864"},"modified":"2026-03-02T17:45:49","modified_gmt":"2026-03-02T17:45:49","slug":"adaq-software","status":"publish","type":"page","link":"https:\/\/dynokraft.de\/page2\/adaq-software\/?lang=de","title":{"rendered":"Software"},"content":{"rendered":"<p>[vc_row css=&#8221;.vc_custom_1562434276401{border-top-width: 20px !important;}&#8221;][vc_column width=&#8221;1\/2&#8243;][vc_images_carousel images=&#8221;1868,1870,1872,1874,1876,1878,1880,1882,2250,2252,2254&#8243; img_size=&#8221;large&#8221; speed=&#8221;2500&#8243; autoplay=&#8221;yes&#8221; wrap=&#8221;yes&#8221;][\/vc_column][vc_column width=&#8221;1\/2&#8243;][vc_row_inner][vc_column_inner width=&#8221;1\/2&#8243;][vc_btn title=&#8221;YourDyno Software&#8221; shape=&#8221;square&#8221; color=&#8221;primary&#8221; align=&#8221;left&#8221; i_icon_fontawesome=&#8221;fas fa-download&#8221; button_block=&#8221;true&#8221; add_icon=&#8221;true&#8221; link=&#8221;url:https%3A%2F%2Fyourdyno.com%2Fdownloads%2F|target:_blank|&#8221;][\/vc_column_inner][vc_column_inner width=&#8221;1\/2&#8243;][vc_btn title=&#8221;ADAQexiom Plugin&#8221; shape=&#8221;square&#8221; color=&#8221;inverse&#8221; align=&#8221;left&#8221; i_icon_fontawesome=&#8221;fab fa-wordpress&#8221; button_block=&#8221;true&#8221; add_icon=&#8221;true&#8221; link=&#8221;url:https%3A%2F%2Fdynokraft.de%2Fpage2%2Fdownload%2F2893%2F|&#8221;][\/vc_column_inner][\/vc_row_inner][vc_column_text]<\/p>\n<h4>Zuverl\u00e4ssig &#8211; Stabil &#8211; Flexibel<br \/>\nDie kontinuierlich weiterentwickelte YourDyno-Software erf\u00fcllt alle Anforderungen und ist v\u00f6llig KOSTENLOS!<\/h4>\n<p>Alle Einstellungen in Bezug auf Pr\u00fcfstandstyp, Testlauf, Eingangskanal-Einstellungen, Filtereinstellungen, Kalibrierung usw. k\u00f6nnen vom Benutzer ge\u00e4ndert werden.<\/p>\n<p>&nbsp;<\/p>\n<h4>Features:<\/h4>\n<p>&#8211; Schneller und zuverl\u00e4ssiger Betrieb und Kommunikation mit dem ADAQbase-Modul<br \/>\n&#8211; mehrere Testmodi, inkl. manuelle und halbautomatische Tests, PID- und nicht PID-basierte Bremsregelung<br \/>\n&#8211; automatisches Tr\u00e4gheitserkennung<br \/>\n&#8211; linearer und progressiver PID-Regler<br \/>\n&#8211; lineare und progressive Bremsleistungsregelung (nicht PID-basiert)<br \/>\n&#8211; unterst\u00fctzt 4&#215;4 Nabenpr\u00fcfst\u00e4nde (nur YourDyno Ultimate)<br \/>\n&#8211; frei konfigurierbare Korrekturfaktoren, Filter, Einstellungen usw.<br \/>\n&#8211; Es ist m\u00f6glich, beliebig aufgezeichnete Werte oder Daten gegen andere zu ziehen und analisieren (z. B. Lambda vs. Drehmoment oder Z\u00fcndwinkel vs. Leistung).<br \/>\n&#8211; frei konfigurierbares digitale Messger\u00e4te<br \/>\n&#8211; Multi-Graph-Ansicht (bis zu drei Diagramm-Bereiche auf einem Bildschirm)<br \/>\n&#8211; Diagramm-Aufzeichnung in Echtzeit<br \/>\n&#8211; integriertes Plugin-System, das die Integration praktisch jeder neuen Hardware erm\u00f6glicht<br \/>\n&#8211; Integrierte Unterst\u00fctzung f\u00fcr Bluetooth OBD2 Adapter (Plugin von Drittanbietern)<br \/>\n&#8211; Integrierte Unterst\u00fctzung f\u00fcr CANBUS (kostenpflichtige Option)<br \/>\n&#8211; konfigurierbare Ausdruckseite<br \/>\n&#8211; konfigurierbare Farben und Linienst\u00e4rken und -Typen.<br \/>\nund viel, viel mehr&#8230;.[\/vc_column_text][\/vc_column][\/vc_row]<\/p>\n","protected":false},"excerpt":{"rendered":"<p>[vc_row css=&#8221;.vc_custom_1562434276401{border-top-width: 20px !important;}&#8221;][vc_column width=&#8221;1\/2&#8243;][vc_images_carousel images=&#8221;1868,1870,1872,1874,1876,1878,1880,1882,2250,2252,2254&#8243; img_size=&#8221;large&#8221; speed=&#8221;2500&#8243; autoplay=&#8221;yes&#8221; wrap=&#8221;yes&#8221;][\/vc_column][vc_column width=&#8221;1\/2&#8243;][vc_row_inner][vc_column_inner width=&#8221;1\/2&#8243;][vc_btn title=&#8221;YourDyno Software&#8221; shape=&#8221;square&#8221; color=&#8221;primary&#8221; align=&#8221;left&#8221; i_icon_fontawesome=&#8221;fas fa-download&#8221; button_block=&#8221;true&#8221; add_icon=&#8221;true&#8221; link=&#8221;url:https%3A%2F%2Fyourdyno.com%2Fdownloads%2F|target:_blank|&#8221;][\/vc_column_inner][vc_column_inner width=&#8221;1\/2&#8243;][vc_btn title=&#8221;ADAQexiom Plugin&#8221; shape=&#8221;square&#8221;<span class=\"excerpt-hellip\"> [\u2026]<\/span><\/p>\n","protected":false},"author":1,"featured_media":0,"parent":0,"menu_order":0,"comment_status":"closed","ping_status":"closed","template":"","meta":[],"_links":{"self":[{"href":"https:\/\/dynokraft.de\/page2\/wp-json\/wp\/v2\/pages\/1864"}],"collection":[{"href":"https:\/\/dynokraft.de\/page2\/wp-json\/wp\/v2\/pages"}],"about":[{"href":"https:\/\/dynokraft.de\/page2\/wp-json\/wp\/v2\/types\/page"}],"author":[{"embeddable":true,"href":"https:\/\/dynokraft.de\/page2\/wp-json\/wp\/v2\/users\/1"}],"replies":[{"embeddable":true,"href":"https:\/\/dynokraft.de\/page2\/wp-json\/wp\/v2\/comments?post=1864"}],"version-history":[{"count":72,"href":"https:\/\/dynokraft.de\/page2\/wp-json\/wp\/v2\/pages\/1864\/revisions"}],"predecessor-version":[{"id":2903,"href":"https:\/\/dynokraft.de\/page2\/wp-json\/wp\/v2\/pages\/1864\/revisions\/2903"}],"wp:attachment":[{"href":"https:\/\/dynokraft.de\/page2\/wp-json\/wp\/v2\/media?parent=1864"}],"curies":[{"name":"wp","href":"https:\/\/api.w.org\/{rel}","templated":true}]}}