{"id":1253,"date":"2019-03-11T13:34:08","date_gmt":"2019-03-11T13:34:08","guid":{"rendered":"https:\/\/dynokraft.de\/page2\/versandinformationen\/"},"modified":"2019-03-11T13:34:08","modified_gmt":"2019-03-11T13:34:08","slug":"versandinformationen","status":"publish","type":"page","link":"https:\/\/dynokraft.de\/page2\/versandinformationen\/?lang=de","title":{"rendered":"Versandinformationen"},"content":{"rendered":"<p>[vc_row css=&#8221;.vc_custom_1552310853356{padding-top: 20px !important;}&#8221;][vc_column width=&#8221;1\/4&#8243;][vc_single_image image=&#8221;464&#8243; img_size=&#8221;full&#8221; alignment=&#8221;center&#8221;][\/vc_column][vc_column width=&#8221;3\/4&#8243;][vc_column_text]<strong>DHL Deutschland<\/strong> ist die Standardversanddienst.<br \/>\nAlle Pakete sind versichert.<\/p>\n<p><strong>Deutschland:<\/strong><br \/>\nbis 5kg &#8211; 11,99EUR<br \/>\nbis 10kg &#8211; 14,49EUR<br \/>\nbis 31,5kg &#8211; 22,49EUR<\/p>\n<p><strong>Europa:<\/strong><br \/>\nbis 5kg &#8211; 43,99EUR<br \/>\nbis 10kg &#8211; 48,99EUR<br \/>\nbis 20kg &#8211; 59,99EUR<\/p>\n<p><strong>Rest der Welt:<\/strong><br \/>\nDie Preise variieren je nach Bestimmungsort und Gewicht.<br \/>\nIhre Bestellung wird \u00fcberpr\u00fcft und die tats\u00e4chlichen Versandkosten werden manuell hinzugef\u00fcgt.[\/vc_column_text][\/vc_column][\/vc_row][vc_row][vc_column][vc_separator color=&#8221;green&#8221; style=&#8221;dotted&#8221;][\/vc_column][\/vc_row][vc_row css=&#8221;.vc_custom_1552310859609{padding-bottom: 20px !important;}&#8221;][vc_column width=&#8221;1\/4&#8243;][vc_images_carousel images=&#8221;1248,1246&#8243; img_size=&#8221;full&#8221; onclick=&#8221;link_no&#8221; speed=&#8221;1500&#8243; autoplay=&#8221;yes&#8221; hide_pagination_control=&#8221;yes&#8221; hide_prev_next_buttons=&#8221;yes&#8221; wrap=&#8221;yes&#8221;][\/vc_column][vc_column width=&#8221;3\/4&#8243;][vc_column_text]CargoInternational (optional Rhenus Logistics) ist der Standardtr\u00e4ger f\u00fcr schwere G\u00fcter.<br \/>\nAlle Pakete sind versichert.<\/p>\n<p><strong>Deutschland:<\/strong><br \/>\nbis 100kg &#8211; 145EUR<br \/>\nbis 250kg &#8211; 185EUR<br \/>\nbis 500kg &#8211; 305EUR<br \/>\nbis 750kg &#8211; 385EUR<\/p>\n<p><strong>Europa und Rest der Welt:<\/strong><br \/>\nDie Preise variieren je nach Bestimmungsort und Gewicht.<br \/>\nIhre Bestellung wird \u00fcberpr\u00fcft und die tats\u00e4chlichen Versandkosten werden manuell hinzugef\u00fcgt.[\/vc_column_text][\/vc_column][\/vc_row]<\/p>\n","protected":false},"excerpt":{"rendered":"<p>[vc_row css=&#8221;.vc_custom_1552310853356{padding-top: 20px !important;}&#8221;][vc_column width=&#8221;1\/4&#8243;][vc_single_image image=&#8221;464&#8243; img_size=&#8221;full&#8221; alignment=&#8221;center&#8221;][\/vc_column][vc_column width=&#8221;3\/4&#8243;][vc_column_text]DHL Deutschland ist die Standardversanddienst. Alle Pakete sind versichert. Deutschland: bis 5kg &#8211; 11,99EUR bis 10kg &#8211; 14,49EUR<span class=\"excerpt-hellip\"> [\u2026]<\/span><\/p>\n","protected":false},"author":1,"featured_media":222,"parent":0,"menu_order":0,"comment_status":"closed","ping_status":"closed","template":"","meta":[],"_links":{"self":[{"href":"https:\/\/dynokraft.de\/page2\/wp-json\/wp\/v2\/pages\/1253"}],"collection":[{"href":"https:\/\/dynokraft.de\/page2\/wp-json\/wp\/v2\/pages"}],"about":[{"href":"https:\/\/dynokraft.de\/page2\/wp-json\/wp\/v2\/types\/page"}],"author":[{"embeddable":true,"href":"https:\/\/dynokraft.de\/page2\/wp-json\/wp\/v2\/users\/1"}],"replies":[{"embeddable":true,"href":"https:\/\/dynokraft.de\/page2\/wp-json\/wp\/v2\/comments?post=1253"}],"version-history":[{"count":2,"href":"https:\/\/dynokraft.de\/page2\/wp-json\/wp\/v2\/pages\/1253\/revisions"}],"predecessor-version":[{"id":1255,"href":"https:\/\/dynokraft.de\/page2\/wp-json\/wp\/v2\/pages\/1253\/revisions\/1255"}],"wp:featuredmedia":[{"embeddable":true,"href":"https:\/\/dynokraft.de\/page2\/wp-json\/wp\/v2\/media\/222"}],"wp:attachment":[{"href":"https:\/\/dynokraft.de\/page2\/wp-json\/wp\/v2\/media?parent=1253"}],"curies":[{"name":"wp","href":"https:\/\/api.w.org\/{rel}","templated":true}]}}