{"id":1104,"date":"2019-03-08T12:36:29","date_gmt":"2019-03-08T12:36:29","guid":{"rendered":"https:\/\/dynokraft.de\/page2\/dynokraft-xm200-evo\/"},"modified":"2021-09-30T10:31:34","modified_gmt":"2021-09-30T10:31:34","slug":"dynokraft-xm200-evo","status":"publish","type":"page","link":"https:\/\/dynokraft.de\/page2\/dynokraft-xm200-evo\/?lang=de","title":{"rendered":"dynoKRAFT xM200-evo"},"content":{"rendered":"<p>[vc_row css=&#8221;.vc_custom_1552039399335{padding-top: 20px !important;}&#8221;][vc_column width=&#8221;3\/4&#8243;][vc_images_carousel images=&#8221;384,382,386&#8243; img_size=&#8221;full&#8221; onclick=&#8221;link_no&#8221; speed=&#8221;3000&#8243; autoplay=&#8221;yes&#8221;][\/vc_column][vc_column width=&#8221;1\/4&#8243;][vc_column_text]<\/p>\n<h3>High-End Motorrad \/ QUAD Leistungspr\u00fcfstand<\/h3>\n<p>Vielseitiges Testsystem, das die gr\u00f6\u00dfte Fahrzeugpalette abdeckt.[\/vc_column_text]<div class=\"infobox\" ><h3>auf einen blick<\/h3><div class=\"infobox_wrapper\"><\/p>\n<ul>\n<li>440mm [17,3&#8243;] Rolle<\/li>\n<li>300km\/h [186mph]<\/li>\n<li>1000HP Radleistung<\/li>\n<li>vordere Erweiterungsbr\u00fccke<\/li>\n<\/ul>\n<p><\/div><\/div>\n[vc_btn title=&#8221;Preisanfrage&#8221; color=&#8221;black&#8221; align=&#8221;left&#8221; link=&#8221;url:https%3A%2F%2Fdynokraft.de%2Fpage2%2Fpreisanfrage-m120-m200-xm200-series%2F%3Flang%3Dde|&#8221;][vc_column_text]HINWEIS: Unsere Pr\u00fcfst\u00e4nde werden st\u00e4ndig weiterentwickelt, daher behalten wir uns \u00c4nderungen in Aussehen und Ausstattung oder technischen Details unserer Ger\u00e4te vor, sofern dies f\u00fcr den Kunden zumutbar ist oder die Abweichungen nur unerheblich sind. Form- und Farbabweichungen sind ausdr\u00fccklich gestattet.[\/vc_column_text][\/vc_column][\/vc_row][vc_row css=&#8221;.vc_custom_1552039409455{padding-bottom: 20px !important;}&#8221;][vc_column][vc_tta_tour][vc_tta_section title=&#8221;Beschreibung&#8221; tab_id=&#8221;1549205251488-3523d78c-244a&#8221;][vc_column_text]<strong><span style=\"color: #32cd32;\">EIN PR\u00dcFSTAND DER ATV \/ UTV \/ QUAD \/ TRIKE UND MOTORR\u00c4DER TESTEN KANN !!!<\/span><\/strong><\/p>\n<p>Der dynoKRAFT xM200-evo Rollenpr\u00fcfstand verf\u00fcgt \u00fcber eine au\u00dfergew\u00f6hnlich hohe Messgenauigkeit und wird mit einem\u00a0<strong>DAQ-System der Spitzenklasse<\/strong>\u00a0sowie einer Software f\u00fcr eine umfassende Datenanalyse ausgeliefert.<\/p>\n<p>Dieser moderne Motorradpr\u00fcfstand ist in hohem Ma\u00dfe anpassbar. Es kann als Grubenmontage oder Bodenaufbau-Version geliefert werden.<\/p>\n<p>Dank einer\u00a0<strong><span style=\"color: #32cd32;\">Gesamtl\u00e4nge von 3140mm<\/span><\/strong>\u00a0(Hinterachse bis Vorderrad) und\u00a0und\u00a0<strong><span style=\"color: #32cd32;\">Rollenbreite von 1950mm<\/span><\/strong>\u00a0k\u00f6nnen Sie sogar die gr\u00f6\u00dften und st\u00e4rksten QUAD\u2019s, die es zur Zeit auf dem Markt gibt (wie\u00a0<em>Polaris RZR XP 4 TURBO EPS<\/em>\u00a0oder\u00a0<em>MAVERICK MAX X rs TURBO<\/em>) m\u00fchelos testen!<\/p>\n<p><strong>Das bietet ausschlie\u00dflich dynoKRAFT!<\/strong><\/p>\n<p>Ausgestattet mit einer\u00a0<strong>2000Nm Wirbelstrombremse<\/strong>\u00a0ist der der xM200-evo der einzige Rollenpr\u00fcfstand weltweit der eine Testkapazit\u00e4t bis zu\u00a0<strong><span style=\"color: #32cd32;\">1000PS am Hinterrad\u00a0\u00a0<\/span><\/strong>bietet. Durch den mit 440 mm vergleichsweise gro\u00dfen Rollendurchmesser wird der Reifenverschlei\u00df drastisch reduziert und die Reifentemperatur l\u00e4sst sich auch bei langen Testsitzungen einfacher unter Kontrolle halten.[\/vc_column_text][\/vc_tta_section][vc_tta_section title=&#8221;Features&#8221; tab_id=&#8221;1549205251499-2d815547-2de1&#8243;][vc_row_inner][vc_column_inner width=&#8221;1\/3&#8243;][vc_text_separator title=&#8221;Genauigkeit und Pr\u00e4zision&#8221; title_align=&#8221;separator_align_left&#8221;][vc_column_text]<\/p>\n<ul>\n<li>Datenerfassungsfehler: &lt; 0,5%<\/li>\n<li>Zeitgenauigkeit: 10ns<\/li>\n<li>Eingangskan\u00e4le Abtastrate: 50Hz<\/li>\n<\/ul>\n<p>[\/vc_column_text][vc_text_separator title=&#8221;Testparameter&#8221; title_align=&#8221;separator_align_left&#8221;][vc_column_text]<\/p>\n<ul>\n<li>max. Pr\u00fcfgeschwindigkeit: 300km\/h (186 MPH)<\/li>\n<li>max Drehmoment am Rad: 2000Nm<\/li>\n<li>max Leistung am Rad: ~1000HP<\/li>\n<\/ul>\n<p>[\/vc_column_text][\/vc_column_inner][vc_column_inner width=&#8221;1\/3&#8243;][vc_text_separator title=&#8221;Datenerfassung&#8221; title_align=&#8221;separator_align_left&#8221;][vc_column_text]<\/p>\n<ul>\n<li>eingebauter IR-Reifentemperatursensor<\/li>\n<li>Integrierter Wirbelstrombremse-Temperatursensor<\/li>\n<li>Hall-Sensor: Rollendrehzahlgeber<\/li>\n<li>Leistungskorrekturfaktor nach: SAE, DIN, ISO, JIS und EG-Normen<\/li>\n<li>Verf\u00fcgbare Testmodi:<br \/>\n\u2013 Inertia,<br \/>\n\u2013 Leistungsmessung statisch bei konstanter Motordrehzahl,<br \/>\n\u2013 Leistungsmessung dynamisch mit regelbarer Beschleunigung,<br \/>\n\u2013\u00a0vollautomatischer sequenzierter \/ programmierter Test,<br \/>\n\u2013 halbautomatisches Motordrehzahl-Stufentest,<br \/>\n\u2013 Stra\u00dfenlastsimulation\u00a0mit frei programmierbarem Lastprofil<\/li>\n<li>Closed-Loop-PID-Regler f\u00fcr Wirbelstrombremse, mit Bremsmoment\u00fcberwachung<\/li>\n<li>Geschwindigkeitsabh\u00e4ngige Gebl\u00e4sesteuerung (Fahrtwind Simulator)<\/li>\n<li>Mehrere, frei konfigurierbare Ein- und Ausgangskan\u00e4le<\/li>\n<li>Relaissteuerung<\/li>\n<li>Kostenlose SportDyno Software<\/li>\n<li>kostenlose Firmware-Updates<\/li>\n<li>Motordrehzahlgeber \u2013 induktiv und kapazitiv<\/li>\n<li>High-Speed-Ethernet-Verbindung<\/li>\n<li>Steuerung des Rollenpr\u00fcfstands- und Fahrzeugsysteme direkt aus die PC-Software (Gas, RIde-by-Wire, Kupplung, Gangwechsel, Gebl\u00e4se usw.) auch \u00fcber Bluetooth-Fernbedienung<\/li>\n<li>Integrierter CANBUS Anschluss<\/li>\n<li>Automatische Wetterdatenerfassung<\/li>\n<li>Werkseitig kalibriert f\u00fcr ein H\u00f6chstma\u00df an Pr\u00e4zision<\/li>\n<\/ul>\n<p>[\/vc_column_text][\/vc_column_inner][vc_column_inner width=&#8221;1\/3&#8243;][vc_text_separator title=&#8221;Mechanische Merkmale&#8221; title_align=&#8221;separator_align_left&#8221;][vc_column_text]<\/p>\n<ul>\n<li>gro\u00dfe Rolle mit\u00a0<span id=\"result_box\" class=\"short_text\" lang=\"de\"><span class=\"hps alt-edited\">geringes Massentr\u00e4gheitsmoment<\/span><\/span><\/li>\n<li>ger\u00e4ndelte Oberfl\u00e4che<\/li>\n<li>integriertes Befestigungssystem \u00fcber Fu\u00dfrasten<\/li>\n<li>Rutschfeste Arbeitsoberfl\u00e4che<\/li>\n<li>kompaktes Design<\/li>\n<li>Ausfallsichere Notbremse<\/li>\n<li>Wartungsarm<\/li>\n<\/ul>\n<p>[\/vc_column_text][vc_text_separator title=&#8221;Elektrische Merkmale&#8221; title_align=&#8221;separator_align_left&#8221;][vc_column_text]<\/p>\n<ul>\n<li>Hochleistung-Wirbelstrombremse<\/li>\n<li>Pr\u00e4zise Kraftmessdose<\/li>\n<\/ul>\n<p>[\/vc_column_text][\/vc_column_inner][\/vc_row_inner][\/vc_tta_section][vc_tta_section title=&#8221;Technische Daten&#8221; tab_id=&#8221;1549206723414-ad4dda75-25b3&#8243;][vc_row_inner][vc_column_inner width=&#8221;1\/3&#8243;][vc_text_separator title=&#8221;Ma\u00dfe und Gewichte&#8221; title_align=&#8221;separator_align_left&#8221;][vc_column_text]<\/p>\n<ul>\n<li>L\u00e4nge: 3595mm *<\/li>\n<li>Breite: 3140mm<\/li>\n<li>H\u00f6he: 440mm<\/li>\n<li>Gesamth\u00f6he (inkl. Laptophalterung): 1980mm<\/li>\n<li>Rollendurchmesser: 440mm<\/li>\n<li>Rollenbreite: 300mm \/ 1100mm<\/li>\n<li>Achsstand\u00a0min: 1180mm<\/li>\n<li>Achsstand\u00a0max: 2280mm \/ 3000mm **<\/li>\n<li>Spurbreite\u00a0min: 600mm ***<\/li>\n<li>Spurbreite\u00a0max: 1925mm<\/li>\n<\/ul>\n<p>(*) ohne Auffahrrampen<br \/>\n(**) Motorr\u00e4der \/ QUAD&#8217;s<br \/>\n(***) gemessen zwischen beiden Rollen[\/vc_column_text][vc_text_separator title=&#8221;Ben\u00f6tigte Technik&#8221; title_align=&#8221;separator_align_left&#8221;][vc_column_text]<\/p>\n<ul>\n<li>Anschlussleistung: 380\/400V 50Hz 20A Starkstrom*<\/li>\n<li>Druckluft: 6-8 bar<\/li>\n<li>Rechner: jeder Windows XP, Vista, 7, 8, 10 Rechner<\/li>\n<\/ul>\n<p>*Andere elektrische Systeme auf Anfrage ohne Aufpreis erh\u00e4ltlich.[\/vc_column_text][\/vc_column_inner][vc_column_inner width=&#8221;1\/3&#8243;][vc_text_separator title=&#8221;Eingangskan\u00e4le-Spezifikation&#8221; title_align=&#8221;separator_align_left&#8221;][vc_column_text]<\/p>\n<ul>\n<li>Motordrehzahl (kapazitiv und induktiv)<\/li>\n<li>8x Analogeingang, frei konfigurierbar (0-5V)<\/li>\n<li>8x <span id=\"result_box\" class=\"short_text\" lang=\"de\"><span class=\"hps\">Thermoelement<\/span><\/span>\u00a00-1000\u00b0C (Typ-K)<\/li>\n<li>1x Impulsz\u00e4hler (z.B. Klopfsensor)<\/li>\n<li>1x CANBUS<\/li>\n<li>1x\u00a0OBDII Schnittstelle\u00a0(optionales Zubeh\u00f6r)<\/li>\n<\/ul>\n<p>Zus\u00e4tzliche Eingangskan\u00e4le \u00fcber CANBUS \/ MODBUS Erweiterungsmodule \u2013 ben\u00f6tigt zus\u00e4tzliches Software-Lizenz (siehe Zubeh\u00f6r)[\/vc_column_text][vc_text_separator title=&#8221;Wetterstation&#8221; title_align=&#8221;separator_align_left&#8221;][vc_column_text]<\/p>\n<ul>\n<li>Luftdruck<strong>:<\/strong>\u00a0300 bis 1100 +\/-1 [mbar]<\/li>\n<li>Luftfeuchtigkeit<strong>:<\/strong>\u00a0+\/-3,5% [RH]<\/li>\n<li>Temperatur:<strong>\u00a0<\/strong>-40 bis +85 +\/-1 [\u00b0C]<\/li>\n<\/ul>\n<p>[\/vc_column_text][vc_text_separator title=&#8221;Ausgangskan\u00e4le-Spezifikation&#8221; title_align=&#8221;separator_align_left&#8221;][vc_column_text]<\/p>\n<ul>\n<li>8x Digital (12V 500mA Relais)<\/li>\n<li>1x Fahrtwindsimulator \/ RAM-AIR (PWM oder Analog 0-5V)<\/li>\n<li>1x Servo (PWM, Analog 0-5V oder RC-pulse)<\/li>\n<\/ul>\n<p>[\/vc_column_text][\/vc_column_inner][vc_column_inner width=&#8221;1\/3&#8243;][vc_text_separator title=&#8221;Lieferumfang&#8221; title_align=&#8221;separator_align_left&#8221;][vc_column_text]<\/p>\n<ul>\n<li>dynoKRAFT xM200-pro Leistungspr\u00fcfstand<\/li>\n<li>Auffahrrampen f\u00fcr Motorrad und QUAD&#8217;s (nur bei Bodenaufbau)<\/li>\n<li>Bedienfeldpfosten mit Laptophalter und doppel-Bildschirmhalter (Bodenaufbau)\u00a0<em>oder<\/em>\u00a0PC-Schrank mit Bildschirmhalter<\/li>\n<li>Wetterstation mit Anschlusskabel<\/li>\n<li>SP6 Kontroller\u00a0mit Anschlusskabel<\/li>\n<li>Motordrehzahlgeber (kapazitiv und induktiv)<\/li>\n<li>Kalibrierwerkzeug und Referenzgewicht<\/li>\n<li>kostenlose SportDyno Software<\/li>\n<li>kostenlose easyMAP Software<\/li>\n<li>Benutzerhandbuch (.pdf)<\/li>\n<li>Software-Handbuch (.pdf)<\/li>\n<li><strong>5 Jahre Garantie<\/strong><\/li>\n<li><strong>kostenloser Support<\/strong><\/li>\n<\/ul>\n<p>[\/vc_column_text][\/vc_column_inner][\/vc_row_inner][\/vc_tta_section][vc_tta_section title=&#8221;Zubeh\u00f6r&#8221; tab_id=&#8221;1549207406913-dc84b935-2ea9&#8243;][product_categories orderby=&#8221;&#8221; order=&#8221;ASC&#8221; columns=&#8221;4&#8243; ids=&#8221;40, 43, 49, 39&#8243;][\/vc_tta_section][\/vc_tta_tour][\/vc_column][\/vc_row]<\/p>\n","protected":false},"excerpt":{"rendered":"<p>[vc_row css=&#8221;.vc_custom_1552039399335{padding-top: 20px !important;}&#8221;][vc_column width=&#8221;3\/4&#8243;][vc_images_carousel images=&#8221;384,382,386&#8243; img_size=&#8221;full&#8221; onclick=&#8221;link_no&#8221; speed=&#8221;3000&#8243; autoplay=&#8221;yes&#8221;][\/vc_column][vc_column width=&#8221;1\/4&#8243;][vc_column_text] High-End Motorrad \/ QUAD Leistungspr\u00fcfstand Vielseitiges Testsystem, das die gr\u00f6\u00dfte Fahrzeugpalette abdeckt.[\/vc_column_text][vc_btn title=&#8221;Preisanfrage&#8221; color=&#8221;black&#8221; align=&#8221;left&#8221;<span class=\"excerpt-hellip\"> [\u2026]<\/span><\/p>\n","protected":false},"author":1,"featured_media":222,"parent":0,"menu_order":0,"comment_status":"closed","ping_status":"closed","template":"","meta":[],"_links":{"self":[{"href":"https:\/\/dynokraft.de\/page2\/wp-json\/wp\/v2\/pages\/1104"}],"collection":[{"href":"https:\/\/dynokraft.de\/page2\/wp-json\/wp\/v2\/pages"}],"about":[{"href":"https:\/\/dynokraft.de\/page2\/wp-json\/wp\/v2\/types\/page"}],"author":[{"embeddable":true,"href":"https:\/\/dynokraft.de\/page2\/wp-json\/wp\/v2\/users\/1"}],"replies":[{"embeddable":true,"href":"https:\/\/dynokraft.de\/page2\/wp-json\/wp\/v2\/comments?post=1104"}],"version-history":[{"count":8,"href":"https:\/\/dynokraft.de\/page2\/wp-json\/wp\/v2\/pages\/1104\/revisions"}],"predecessor-version":[{"id":2209,"href":"https:\/\/dynokraft.de\/page2\/wp-json\/wp\/v2\/pages\/1104\/revisions\/2209"}],"wp:featuredmedia":[{"embeddable":true,"href":"https:\/\/dynokraft.de\/page2\/wp-json\/wp\/v2\/media\/222"}],"wp:attachment":[{"href":"https:\/\/dynokraft.de\/page2\/wp-json\/wp\/v2\/media?parent=1104"}],"curies":[{"name":"wp","href":"https:\/\/api.w.org\/{rel}","templated":true}]}}