{"id":1047,"date":"2019-03-07T08:43:26","date_gmt":"2019-03-07T08:43:26","guid":{"rendered":"https:\/\/dynokraft.de\/page2\/dynokraft-mps-serie\/"},"modified":"2023-11-17T10:11:39","modified_gmt":"2023-11-17T10:11:39","slug":"dynokraft-mps-serie","status":"publish","type":"page","link":"https:\/\/dynokraft.de\/page2\/dynokraft-mps-serie\/?lang=de","title":{"rendered":"dynoKRAFT MPS380 Motor und Zapfwellenpr\u00fcfstand"},"content":{"rendered":"<p>[vc_row css=&#8221;.vc_custom_1551946565693{padding-top: 20px !important;}&#8221;][vc_column width=&#8221;3\/4&#8243;][vc_images_carousel images=&#8221;2621,2327,2277&#8243; img_size=&#8221;full&#8221; onclick=&#8221;link_no&#8221; speed=&#8221;3000&#8243; autoplay=&#8221;yes&#8221; wrap=&#8221;yes&#8221;][\/vc_column][vc_column width=&#8221;1\/4&#8243;][vc_column_text]<\/p>\n<h3>Luftgek\u00fchlter Motorpr\u00fcfstand<\/h3>\n<p>Station\u00e4res Motortestsystem mit gro\u00dfer Drehmoment- und Drehzahlabdeckung.[\/vc_column_text]<div class=\"infobox\" ><h3>auf einen blick<\/h3><div class=\"infobox_wrapper\"><\/p>\n<ul>\n<li>bis zu 3820 Nm<\/li>\n<li>bis zu 5000 RPM<\/li>\n<li>Anh\u00e4ngeraufbau m\u00f6glich<\/li>\n<\/ul>\n<p><\/div><\/div>\n[vc_btn title=&#8221;Preisanfrage&#8221; color=&#8221;black&#8221; align=&#8221;left&#8221; link=&#8221;url:https%3A%2F%2Fdynokraft.de%2Fpage2%2Fpreisanfrage-mps-series%2F%3Flang%3Dde|&#8221;][vc_column_text]HINWEIS: Unsere Pr\u00fcfst\u00e4nde werden st\u00e4ndig weiterentwickelt, daher behalten wir uns \u00c4nderungen in Aussehen und Ausstattung oder technischen Details unserer Ger\u00e4te vor, sofern dies f\u00fcr den Kunden zumutbar ist oder die Abweichungen nur unerheblich sind. Form- und Farbabweichungen sind ausdr\u00fccklich gestattet.[\/vc_column_text][\/vc_column][\/vc_row][vc_row css=&#8221;.vc_custom_1551946577208{padding-bottom: 20px !important;}&#8221;][vc_column][vc_tta_tabs][vc_tta_section title=&#8221;Beschreibung&#8221; tab_id=&#8221;1606062182193-5465bb9b-de60&#8243;][vc_column_text]Der station\u00e4re Motorenpr\u00fcfst\u00e4nd \/ Zapfwellenpr\u00fcfstand \/ Traktor Pr\u00fcfstand <strong>dynoKRAFT MPS380<\/strong> bietet eine au\u00dfergew\u00f6hnlich hohe Messgenauigkeit in Verbindung mit einem erstklassigen <strong>Datenerfassungssystem der Spitzenklasse<\/strong>.<\/p>\n<p>Dieses kosteng\u00fcnstige Testsystem kann zum testen von Verbrennungs- oder Elektromotoren verwendet werden. Es verf\u00fcgt \u00fcber ein starres Rahmen der vibrationsfreie Tests mit hoher Drehzahl erm\u00f6glicht.<\/p>\n<p>Trotz des moderaten Preises bietet die dynoKRAFT MPS380 Pr\u00fcfstand eine umfassende Testautomatisierung und fortschrittliche Software f\u00fcr die Datenanalyse.<\/p>\n<p>MPS380 &#8211; 3820Nm &#8211; 5000 U\/min[\/vc_column_text][\/vc_tta_section][vc_tta_section title=&#8221;Technische Daten&#8221; tab_id=&#8221;1606062182256-3097af14-26e6&#8243;][vc_column_text]<div class=\"wptb-table-container wptb-table-2011\"><div class=\"wptb-table-container-matrix\" id=\"wptb-table-id-2011\" data-wptb-version=\"1.4.5\" data-wptb-pro-status=\"false\"><table class=\"wptb-preview-table wptb-element-main-table_setting-1960\" data-reconstraction=\"1\" style=\"border-width: 0px; border-style: solid; border-image: initial; float: left;\" data-wptb-table-tds-sum-max-width=\"240\" data-wptb-cells-width-auto-count=\"2\" role=\"table\" data-wptb-table-alignment=\"left\" data-wptb-responsive-directives=\"eyJyZXNwb25zaXZlRW5hYmxlZCI6dHJ1ZSwicmVzcG9uc2l2ZU1vZGUiOiJhdXRvIiwicHJlc2VydmVSb3dDb2xvciI6ZmFsc2UsInJlbGF0aXZlV2lkdGgiOiJ3aW5kb3ciLCJtb2RlT3B0aW9ucyI6eyJhdXRvIjp7InRvcFJvd0FzSGVhZGVyIjp7ImRlc2t0b3AiOmZhbHNlLCJ0YWJsZXQiOmZhbHNlLCJtb2JpbGUiOmZhbHNlfSwic3RhdGljVG9wUm93Ijp7ImRlc2t0b3AiOmZhbHNlLCJ0YWJsZXQiOnRydWUsIm1vYmlsZSI6dHJ1ZX0sImNlbGxTdGFja0RpcmVjdGlvbiI6eyJkZXNrdG9wIjoicm93IiwidGFibGV0Ijoicm93IiwibW9iaWxlIjoicm93In0sImNlbGxzUGVyUm93Ijp7ImRlc2t0b3AiOjEsInRhYmxldCI6MSwibW9iaWxlIjoxfX19LCJicmVha3BvaW50cyI6eyJkZXNrdG9wIjp7Im5hbWUiOiJkZXNrdG9wIiwid2lkdGgiOjEwMjR9LCJ0YWJsZXQiOnsibmFtZSI6InRhYmxldCIsIndpZHRoIjo3MDB9LCJtb2JpbGUiOnsibmFtZSI6Im1vYmlsZSIsIndpZHRoIjozMDB9fX0=\" data-wptb-adaptive-table=\"0\" data-wptb-header-background-color=\"#32CD32\" data-wptb-even-row-background-color=\"\" data-wptb-odd-row-background-color=\"\" data-table-columns=\"2\" data-disable-theme-styles=\"1\" data-wptb-apply-table-container-max-width=\"1\" data-wptb-table-container-max-width=\"1200\"><tbody><tr class=\"wptb-row\" style=\"background-color: rgb(50, 205, 50);\"><td class=\"wptb-cell\" data-y-index=\"0\" data-x-index=\"0\" style=\"border-width: 1px; padding: 10px; border-style: none;\" data-wptb-css-td-auto-width=\"true\"><div class=\"wptb-text-container wptb-ph-element wptb-element-text-1\"><div class=\"\" style=\"position: relative;\"><p><strong>dynoKRAFT MPS380 PTO&nbsp;Zapfwellenpr&uuml;fstand<br>Technische Daten<\/strong><\/p><\/div><\/div><\/td><td class=\"wptb-cell\" data-y-index=\"0\" data-x-index=\"1\" style=\"border-width: 1px; padding: 10px; border-style: none;\" data-wptb-css-td-auto-width=\"true\"><\/td><\/tr><tr class=\"wptb-row\"><td class=\"wptb-cell\" data-y-index=\"1\" data-x-index=\"0\" style=\"border-width: 1px; padding: 10px; border-style: none;\" data-wptb-css-td-auto-width=\"true\"><div class=\"wptb-text-container wptb-ph-element wptb-element-text-2\"><div class=\"\" style=\"position: relative;\"><p>Max. Bremsmoment<\/p><\/div><\/div><\/td><td class=\"wptb-cell\" data-y-index=\"1\" data-x-index=\"1\" style=\"border-width: 1px; padding: 10px; border-style: none;\" data-wptb-css-td-auto-width=\"true\"><div class=\"wptb-text-container wptb-ph-element wptb-element-text-3\"><div class=\"\" style=\"position: relative;\"><p style=\"text-align: left;\">3820 Nm (2817 ft lbf) @ 750 RPM<\/p><\/div><\/div><\/td><\/tr><tr class=\"wptb-row\"><td class=\"wptb-cell\" data-y-index=\"2\" data-x-index=\"0\" style=\"border-width: 1px; padding: 10px; border-style: none;\" data-wptb-css-td-auto-width=\"true\"><div class=\"wptb-text-container wptb-ph-element wptb-element-text-4\"><div class=\"\" style=\"position: relative;\"><p>Max. Leistung<\/p><\/div><\/div><\/td><td class=\"wptb-cell\" data-y-index=\"2\" data-x-index=\"1\" style=\"border-width: 1px; padding: 10px; border-style: none;\" data-wptb-css-td-auto-width=\"true\"><div class=\"wptb-text-container wptb-ph-element wptb-element-text-5\"><div class=\"\" style=\"position: relative;\"><p style=\"text-align: left;\">1000 kW (1340 HP)<\/p><\/div><\/div><\/td><\/tr><tr class=\"wptb-row\"><td class=\"wptb-cell\" data-y-index=\"3\" data-x-index=\"0\" style=\"border-width: 1px; padding: 10px; border-style: none;\" data-wptb-css-td-auto-width=\"true\"><div class=\"wptb-text-container wptb-ph-element wptb-element-text-6\"><div class=\"\" style=\"position: relative;\">Max. Drehzahl<\/div><\/div><\/td><td class=\"wptb-cell\" data-y-index=\"3\" data-x-index=\"1\" style=\"border-width: 1px; padding: 10px; border-style: none;\" data-wptb-css-td-auto-width=\"true\"><div class=\"wptb-text-container wptb-ph-element wptb-element-text-7\"><div class=\"\" style=\"position: relative;\">5000 RPM<\/div><\/div><\/td><\/tr><tr class=\"wptb-row\"><td class=\"wptb-cell\" data-y-index=\"4\" data-x-index=\"0\" style=\"border-width: 1px; padding: 10px; border-style: none;\" data-wptb-css-td-auto-width=\"true\"><div class=\"wptb-text-container wptb-ph-element wptb-element-text-10\"><div class=\"\" style=\"position: relative;\"><p>Messgenauigkeit Leistung \/ Drehmoment<\/p><\/div><\/div><\/td><td class=\"wptb-cell\" data-y-index=\"4\" data-x-index=\"1\" style=\"border-width: 1px; padding: 10px; border-style: none;\" data-wptb-css-td-auto-width=\"true\"><div class=\"wptb-text-container wptb-ph-element wptb-element-text-11\"><div class=\"\" style=\"position: relative;\"><p style=\"text-align: left;\">0,5 %<\/p><\/div><\/div><\/td><\/tr><tr class=\"wptb-row\"><td class=\"wptb-cell\" data-y-index=\"5\" data-x-index=\"0\" style=\"border-width: 1px; padding: 10px; border-style: none;\" data-wptb-css-td-auto-width=\"true\"><div class=\"wptb-text-container wptb-ph-element wptb-element-text-12\"><div class=\"\" style=\"position: relative;\"><p>Achsmittenh&ouml;he (&uuml;ber T-Nuten Tisch)<\/p><\/div><\/div><\/td><td class=\"wptb-cell\" data-y-index=\"5\" data-x-index=\"1\" style=\"border-width: 1px; padding: 10px; border-style: none;\" data-wptb-css-td-auto-width=\"true\"><div class=\"wptb-text-container wptb-ph-element wptb-element-text-15\"><div class=\"\" style=\"position: relative;\"><p style=\"text-align: left;\">700mm (27,56\")<\/p><\/div><\/div><\/td><\/tr><tr class=\"wptb-row\"><td class=\"wptb-cell\" data-y-index=\"6\" data-x-index=\"0\" style=\"border-width: 1px; padding: 10px; border-style: none;\" data-wptb-css-td-auto-width=\"true\"><div class=\"wptb-text-container wptb-ph-element wptb-element-text-18\"><div class=\"\" style=\"position: relative;\"><p>Rotationstr&auml;gheit (ohne Kupplungswelle)<br><\/p><\/div><\/div><\/td><td class=\"wptb-cell\" data-y-index=\"6\" data-x-index=\"1\" style=\"border-width: 1px; padding: 10px; border-style: none;\" data-wptb-css-td-auto-width=\"true\"><div class=\"wptb-text-container wptb-ph-element wptb-element-text-21\"><div class=\"\" style=\"position: relative;\"><p style=\"text-align: left;\">5,17 kgm&sup2; (122,7 lb ft&sup2;)<\/p><\/div><\/div><\/td><\/tr><tr class=\"wptb-row\"><td class=\"wptb-cell\" data-y-index=\"7\" data-x-index=\"0\" style=\"border-width: 1px; padding: 10px; border-style: none;\" data-wptb-css-td-auto-width=\"true\"><div class=\"wptb-text-container wptb-ph-element wptb-element-text-19\"><div class=\"\" style=\"position: relative;\"><p>Ma&szlig;e L x B x H (ohne Kupplungswelle)<\/p><\/div><\/div><\/td><td class=\"wptb-cell\" data-y-index=\"7\" data-x-index=\"1\" style=\"border-width: 1px; padding: 10px; border-style: none;\" data-wptb-css-td-auto-width=\"true\"><div class=\"wptb-text-container wptb-ph-element wptb-element-text-20\"><div class=\"\" style=\"position: relative;\"><p style=\"text-align: left;\">920 x 820 x 1042mm (36,2 x 32,2 x 41\")<\/p><\/div><\/div><\/td><\/tr><tr class=\"wptb-row\"><td class=\"wptb-cell\" data-y-index=\"8\" data-x-index=\"0\" style=\"border-width: 1px; padding: 10px; border-style: none;\" data-wptb-css-td-auto-width=\"true\"><div class=\"wptb-text-container wptb-ph-element wptb-element-text-22\"><div class=\"\" style=\"position: relative;\"><p>Kupplungswellenanschluss<\/p><\/div><\/div><\/td><td class=\"wptb-cell\" data-y-index=\"8\" data-x-index=\"1\" style=\"border-width: 1px; padding: 10px; border-style: none;\" data-wptb-css-td-auto-width=\"true\"><div class=\"wptb-text-container wptb-ph-element wptb-element-text-23\"><div class=\"\" style=\"position: relative;\"><p style=\"text-align: left;\">150mm Flansch &auml;hnlich DIN 15451-2<\/p><\/div><\/div><\/td><\/tr><tr class=\"wptb-row\"><td class=\"wptb-cell\" style=\"border-width: 1px; padding: 10px; border-style: none;\" data-x-index=\"0\" data-y-index=\"9\" data-wptb-css-td-auto-width=\"true\"><div class=\"wptb-text-container wptb-ph-element wptb-element-text-29\"><div class=\"\" style=\"position: relative;\"><p>Garantie und Support<\/p><\/div><\/div><\/td><td class=\"wptb-cell\" style=\"border-width: 1px; padding: 10px; border-style: none;\" data-x-index=\"1\" data-y-index=\"9\" data-wptb-css-td-auto-width=\"true\"><div class=\"wptb-text-container wptb-ph-element wptb-element-text-30 edit-active\"><div class=\"\" style=\"position: relative;\"><p style=\"text-align: left;\">1 Jahr<\/p><\/div><\/div><\/td><\/tr><tr class=\"wptb-row\"><td class=\"wptb-cell\" style=\"border-width: 1px; padding: 10px; border-style: none;\" data-x-index=\"0\" data-y-index=\"10\" data-wptb-css-td-auto-width=\"true\"><div class=\"wptb-text-container wptb-ph-element wptb-element-text-33\"><div class=\"\" style=\"position: relative;\"><p>Lieferumfang<\/p><\/div><\/div><\/td><td class=\"wptb-cell\" style=\"border-width: 1px; padding: 10px; border-style: none;\" data-x-index=\"1\" data-y-index=\"10\" data-wptb-css-td-auto-width=\"true\"><div class=\"wptb-list-container wptb-ph-element wptb-element-list-1\"><ul>            <li class=\"wptb-in-element\">                <div class=\"wptb-list-item-content\" style=\"position: relative;\"><p data-list-style-type-index=\"1.\" class=\"wptb-list-style-type-circle\" style=\"text-align: left;\">dynoKRAFT MPS380 PTO Pr&uuml;fstand (T-Nutentisch montage erforderlich)<\/p><\/div>            <\/li><li class=\"wptb-in-element\">                <div class=\"wptb-list-item-content\" style=\"position: relative;\"><p data-list-style-type-index=\"2.\" class=\"wptb-list-style-type-circle\" style=\"text-align: left;\">dynoKRAFT PC-Wagen mit Bildschirm-Halterung<\/p><\/div>            <\/li><li class=\"wptb-in-element\">                <div class=\"wptb-list-item-content\" style=\"position: relative;\"><p data-list-style-type-index=\"3.\" class=\"wptb-list-style-type-circle\" style=\"text-align: left;\">Anh&auml;ngeraufbau optional m&ouml;glich<\/p><\/div>            <\/li>            <li class=\"wptb-in-element\">                <div class=\"wptb-list-item-content\" style=\"position: relative;\"><p data-list-style-type-index=\"4.\" class=\"wptb-list-style-type-circle\" style=\"text-align: left;\">dynoKRAFT ADAQbase Kontroller<\/p><\/div>            <\/li>            <li class=\"wptb-in-element\">                <div class=\"wptb-list-item-content\" style=\"position: relative;\"><p data-list-style-type-index=\"5.\" class=\"wptb-list-style-type-circle\" style=\"text-align: left;\">dynoKRAFT ADAQsoftware inkl. kostenlose Updates<\/p><\/div>            <\/li><li class=\"wptb-in-element\">                <div class=\"wptb-list-item-content\" style=\"position: relative;\"><p data-list-style-type-index=\"6.\" class=\"wptb-list-style-type-circle\" style=\"text-align: left;\">online Benutzerhandbuch<\/p><\/div>            <\/li><li class=\"wptb-in-element\">                <div class=\"wptb-list-item-content\" style=\"position: relative;\"><p data-list-style-type-index=\"7.\" class=\"wptb-list-style-type-circle\" style=\"text-align: left;\">kostenloser telefonischer Support<\/p><\/div>            <\/li>        <\/ul><\/div><\/td><\/tr><\/tbody><\/table><\/div><\/div>\n[\/vc_column_text][\/vc_tta_section][vc_tta_section title=&#8221;ADAQ Steuerung&#8221; tab_id=&#8221;1606062244764-1928c117-88d0&#8243;][vc_column_text]<div class=\"wptb-table-container wptb-table-2013\"><div class=\"wptb-table-container-matrix\" id=\"wptb-table-id-2013\" data-wptb-version=\"1.4.5\" data-wptb-pro-status=\"false\"><table class=\"wptb-preview-table wptb-element-main-table_setting-1960\" data-reconstraction=\"1\" style=\"border-width: 0px; border-style: solid; border-image: initial; float: left;\" data-wptb-table-tds-sum-max-width=\"240\" data-wptb-cells-width-auto-count=\"2\" role=\"table\" data-wptb-table-alignment=\"left\" data-wptb-responsive-directives=\"eyJyZXNwb25zaXZlRW5hYmxlZCI6dHJ1ZSwicmVzcG9uc2l2ZU1vZGUiOiJhdXRvIiwicHJlc2VydmVSb3dDb2xvciI6ZmFsc2UsInJlbGF0aXZlV2lkdGgiOiJ3aW5kb3ciLCJtb2RlT3B0aW9ucyI6eyJhdXRvIjp7InRvcFJvd0FzSGVhZGVyIjp7ImRlc2t0b3AiOmZhbHNlLCJ0YWJsZXQiOmZhbHNlLCJtb2JpbGUiOmZhbHNlfSwic3RhdGljVG9wUm93Ijp7ImRlc2t0b3AiOmZhbHNlLCJ0YWJsZXQiOnRydWUsIm1vYmlsZSI6dHJ1ZX0sImNlbGxTdGFja0RpcmVjdGlvbiI6eyJkZXNrdG9wIjoicm93IiwidGFibGV0Ijoicm93IiwibW9iaWxlIjoicm93In0sImNlbGxzUGVyUm93Ijp7ImRlc2t0b3AiOjEsInRhYmxldCI6MSwibW9iaWxlIjoxfX19LCJicmVha3BvaW50cyI6eyJkZXNrdG9wIjp7Im5hbWUiOiJkZXNrdG9wIiwid2lkdGgiOjEwMjR9LCJ0YWJsZXQiOnsibmFtZSI6InRhYmxldCIsIndpZHRoIjo3MDB9LCJtb2JpbGUiOnsibmFtZSI6Im1vYmlsZSIsIndpZHRoIjozMDB9fX0=\" data-wptb-adaptive-table=\"0\" data-wptb-header-background-color=\"#32CD32\" data-wptb-even-row-background-color=\"\" data-wptb-odd-row-background-color=\"\" data-table-columns=\"2\" data-disable-theme-styles=\"1\" data-wptb-apply-table-container-max-width=\"1\" data-wptb-table-container-max-width=\"1200\"><tbody><tr class=\"wptb-row\" style=\"background-color: rgb(50, 205, 50);\"><td class=\"wptb-cell\" data-y-index=\"0\" data-x-index=\"0\" style=\"border-width: 1px; padding: 10px; border-style: none;\" data-wptb-css-td-auto-width=\"true\"><div class=\"wptb-text-container wptb-ph-element wptb-element-text-1\"><div class=\"\" style=\"position: relative;\"><p><strong>ADAQ Kontroller - Technische Daten<\/strong><\/p><\/div><\/div><\/td><td class=\"wptb-cell\" data-y-index=\"0\" data-x-index=\"1\" style=\"border-width: 1px; padding: 10px; border-style: none;\" data-wptb-css-td-auto-width=\"true\"><\/td><\/tr><tr class=\"wptb-row\"><td class=\"wptb-cell\" data-y-index=\"1\" data-x-index=\"0\" style=\"border-width: 1px; padding: 10px; border-style: none;\" data-wptb-css-td-auto-width=\"true\"><div class=\"wptb-text-container wptb-ph-element wptb-element-text-6\"><div class=\"\" style=\"position: relative;\">ADAQbase<br><em>(Das Kernmodul von ADAQ System)<\/em><\/div><\/div><\/td><td class=\"wptb-cell\" data-y-index=\"1\" data-x-index=\"1\" style=\"border-width: 1px; padding: 10px; border-style: none;\" data-wptb-css-td-auto-width=\"true\"><div class=\"wptb-text-container wptb-ph-element wptb-element-text-7\"><div class=\"\" style=\"position: relative;\">EING&Auml;NGE:<br><div>2x Drehzahl (Hall-sensor bzw. 5V Digital)<\/div><div>2x W&auml;gezelleneingang mit eingebautem Verst&auml;rker<br>3x frei programmierbarer 0-5V DC Eingang<\/div><div>1x Thermoelementeingang Typ-K<\/div><div>1x eingebaute Wetterstation (Umgebungstemperatur, Luftfeuchtigkeit, Luftdruck)<\/div><div><br><\/div><div>AUSG&Auml;NGE:<\/div><div>2x Bremssteuerung, konfigurierbar als PWM, RC-Pulse, Analog, Servo<\/div><div><br><\/div><div>PC ANSCHLUSS:<\/div><div>1x USB-C<\/div><\/div><\/div><\/td><\/tr><tr class=\"wptb-row\"><td class=\"wptb-cell\" data-y-index=\"2\" data-x-index=\"0\" style=\"border-width: 1px; padding: 10px; border-style: none;\" data-wptb-css-td-auto-width=\"true\"><div class=\"wptb-text-container wptb-ph-element wptb-element-text-10\"><div class=\"\" style=\"position: relative;\"><p>ADAQexiom<br><em>(Erweiterungsmodul mit zus&auml;tzlichen Eingangs- und Ausgangskan&auml;len)<\/em><br><\/p><\/div><\/div><\/td><td class=\"wptb-cell\" data-y-index=\"2\" data-x-index=\"1\" style=\"border-width: 1px; padding: 10px; border-style: none;\" data-wptb-css-td-auto-width=\"true\"><div class=\"wptb-text-container wptb-ph-element wptb-element-text-11\"><div class=\"\" style=\"position: relative;\"><p style=\"text-align: left;\">EING&Auml;NGE:<br>5x 5x frei programmierbarer 0-5V DC Eingang<br><br>AUSG&Auml;NGE:<br>1x PWM 5V DC - FU-Steuersignal f&uuml;r L&uuml;fter (Fahrgeschwindigkeit abh&auml;ngig von 0-100% Leistung)<br>1x PWM 5V DC - Drosselklappen-Servosteuerungssignal<br><br>RELAIS:<br>4x Potentialfrei max. 24V 5A - konfigurierbare Steuerlogik abh&auml;ngig von den Eingangsparametern<\/p><\/div><\/div><\/td><\/tr><tr class=\"wptb-row\"><td class=\"wptb-cell\" style=\"border-width: 1px; padding: 10px; border-style: none;\" data-x-index=\"0\" data-y-index=\"3\" data-wptb-css-td-auto-width=\"true\"><div class=\"wptb-text-container wptb-ph-element wptb-element-text-33\"><div class=\"\" style=\"position: relative;\"><p>ADAQpower<br><em>(Wirbelstrombremsen-Netzteil)<\/em><br><\/p><\/div><\/div><\/td><td class=\"wptb-cell\" style=\"border-width: 1px; padding: 10px; border-style: none;\" data-x-index=\"1\" data-y-index=\"3\" data-wptb-css-td-auto-width=\"true\"><div class=\"wptb-text-container wptb-ph-element wptb-element-text-34\"><div class=\"\" style=\"position: relative;\"><p>FEATURES:<br>- 30 Ampere<br>- Kalibrierte lineare Stromregelung<br>- Hochgeschwindigkeits-SCR-basiertes Design<br>- Hochgeschwindigkeitsentladung<br>- Bluetooth V4.0 (BLE) Telemetrie (Status&uuml;berwachung und Einstellungen)<br>- Strom&uuml;berlastung und Temperaturschutz<br>- LED-Statusanzeigen<br>- Geh&auml;use mit integriertem K&uuml;hlk&ouml;rper, l&uuml;fterloses Design<br>- Interne Leitungs- und Lastfilter zur Minimierung der Ger&auml;uschentwicklung<br>- &Uuml;bergro&szlig;e Komponenten in Bezug auf Strom- und Spannungswerte<br>- Sehr schneller und zuverl&auml;ssiger Betrieb<br><\/p><\/div><\/div><\/td><\/tr><tr class=\"wptb-row\"><td class=\"wptb-cell\" data-y-index=\"4\" data-x-index=\"0\" style=\"border-width: 1px; padding: 10px; border-style: none;\" data-wptb-css-td-auto-width=\"true\"><div class=\"wptb-text-container wptb-ph-element wptb-element-text-13\"><div class=\"\" style=\"position: relative;\"><p>ADAQremote - XenceLabs Quick Keys<br><em>(Bluetooth-Fernbedienung)<\/em><br><\/p><\/div><\/div><\/td><td class=\"wptb-cell\" data-y-index=\"4\" data-x-index=\"1\" style=\"border-width: 1px; padding: 10px; border-style: none;\" data-wptb-css-td-auto-width=\"true\"><div class=\"wptb-text-container wptb-ph-element wptb-element-text-14\"><div class=\"\" style=\"position: relative;\"><div>FEATURES:<\/div>- 8 Tasten \/ 4 Sets frei programmierbaren Tasten<br><div>- eingebautes 1200mAh Akku<\/div><div>- USB-C Anschluss<\/div><div>- USB-Receiver inkl.<\/div><\/div><\/div><\/td><\/tr><tr class=\"wptb-row\"><td class=\"wptb-cell\" style=\"border-width: 1px; padding: 10px; border-style: none;\" data-x-index=\"0\" data-y-index=\"5\" data-wptb-css-td-auto-width=\"true\"><div class=\"wptb-text-container wptb-ph-element wptb-element-text-31\"><div class=\"\" style=\"position: relative;\"><p>ADAQsoftware<br><em>(professionelle Pr&uuml;fstand-Steuerungs- und Datenanalysesoftware)<\/em><br><\/p><\/div><\/div><\/td><td class=\"wptb-cell\" style=\"border-width: 1px; padding: 10px; border-style: none;\" data-x-index=\"1\" data-y-index=\"5\" data-wptb-css-td-auto-width=\"true\"><div class=\"wptb-text-container wptb-ph-element wptb-element-text-32\"><div class=\"\" style=\"position: relative;\"><p style=\"text-align: left;\">FEATURES:<br>- unterst&uuml;tzt bis zu zwei ADAQbase-Controller<br>- unterst&uuml;tzt bis zu vier Bremsen<br>- zuverl&auml;ssige, schnelle Lastkontrolle<br>- automatische Erfassung der Umgebungsbedingungen und Berechnung des Korrekturfaktors<br>- mehrere Korrekturfaktornormen (DIN, ISO, SAE, keine)<br>- frei konfigurierbare Motorleistungskorrektur (Rollenpr&uuml;fst&auml;nde)<br>- linearer und nichtlinearer PID-Bremsregler-Parametern<br>- Benutzeroberfl&auml;che erm&ouml;glicht den Zugriff auf alle Funktionen und Einstellungen<br>- Das Plugin-System erm&ouml;glicht die Integration praktisch aller Hardware, auch von Drittanbietern<br>- konfigurierbare Ausdruckseite<br>- automatisches Speichern von Testl&auml;ufe<br>- Roh- Sensordatenerfassung<br><br><br>DATENANALYSE:<br>- erweiterte Datenauswertungfunktionen mit Multi-Graph- und Multi-Channel-Diagrammen<br>-&nbsp;Auswertung der Daten in Motordrehzahl-, Zeit- oder einer andere Funktion (z. B. Z&uuml;ndwinkel und Lambda in Motordrehmoment-Funktion).<br>- frei konfigurierbarer Grafikbereich, Ausdruckseite, Datentabellen<br>- Datenexport im CSV-Dateiformat<br><br><br>TESTL&Auml;UFE:<br>- Tr&auml;gheit (ohne Bremslast)<br>- Beschleunigungstest (mit fester Beschleunigungsrate)<br>- Ziel-Drehzahl (Halten Sie einen beliebigen Drehzahlsollwert unabh&auml;ngig von der Last)<br>- Drehzahl-Profil (Motordrehzahl-Profilkurve, frei konfigurierbar)<br>- Laststeuerung (Spezialmodus f&uuml;r Wasserwirbelbremsen mit schnellem Drehmomentanstieg)<br>- Brake Sweep (nicht PID-basierter Beschleunigungstest)<\/p><\/div><\/div><\/td><\/tr><tr class=\"wptb-row\"><td class=\"wptb-cell\" data-y-index=\"6\" data-x-index=\"0\" style=\"border-width: 1px; padding: 10px; border-style: none;\" data-wptb-css-td-auto-width=\"true\"><div class=\"wptb-text-container wptb-ph-element wptb-element-text-12\"><div class=\"\" style=\"position: relative;\"><p>ADAQexiom Plugin<br><em>(zus&auml;tzliche Funktionen f&uuml;r das ADAQexiom-Modul)<\/em><br><\/p><\/div><\/div><\/td><td class=\"wptb-cell\" data-y-index=\"6\" data-x-index=\"1\" style=\"border-width: 1px; padding: 10px; border-style: none;\" data-wptb-css-td-auto-width=\"true\"><div class=\"wptb-text-container wptb-ph-element wptb-element-text-15 edit-active\"><div class=\"\" style=\"position: relative;\"><p style=\"text-align: left;\">FEATURES:<br>- separate Konfiguration von Name, Einheit, Interpolation und Offset f&uuml;r jeden Analogeingang<br>- manueller oder automatischer Relaissteuerung basierend auf logischen Parametern<br>- Konfiguration der automatischen Ausgangssteuerung der K&uuml;hlgebl&auml;se<br>-&nbsp;pro PC werden bis zu zwei ADAQexiom-Module unterst&uuml;tzt<br><br>ERWEITERTE TESTMODI UND FUNKTIONEN:<br>- Drosselklappen-Servosteuerung (5V PWM signal, zus&auml;tzlicher externer Signalwandler kann notwending sein)<\/p><\/div><\/div><\/td><\/tr><\/tbody><\/table><\/div><\/div>\n[\/vc_column_text][\/vc_tta_section][\/vc_tta_tabs][\/vc_column][\/vc_row]<\/p>\n","protected":false},"excerpt":{"rendered":"<p>[vc_row css=&#8221;.vc_custom_1551946565693{padding-top: 20px !important;}&#8221;][vc_column width=&#8221;3\/4&#8243;][vc_images_carousel images=&#8221;2621,2327,2277&#8243; img_size=&#8221;full&#8221; onclick=&#8221;link_no&#8221; speed=&#8221;3000&#8243; autoplay=&#8221;yes&#8221; wrap=&#8221;yes&#8221;][\/vc_column][vc_column width=&#8221;1\/4&#8243;][vc_column_text] Luftgek\u00fchlter Motorpr\u00fcfstand Station\u00e4res Motortestsystem mit gro\u00dfer Drehmoment- und Drehzahlabdeckung.[\/vc_column_text][vc_btn title=&#8221;Preisanfrage&#8221; color=&#8221;black&#8221; align=&#8221;left&#8221; link=&#8221;url:https%3A%2F%2Fdynokraft.de%2Fpage2%2Fpreisanfrage-mps-series%2F%3Flang%3Dde|&#8221;][vc_column_text]HINWEIS: Unsere<span class=\"excerpt-hellip\"> [\u2026]<\/span><\/p>\n","protected":false},"author":1,"featured_media":222,"parent":0,"menu_order":0,"comment_status":"closed","ping_status":"closed","template":"","meta":[],"_links":{"self":[{"href":"https:\/\/dynokraft.de\/page2\/wp-json\/wp\/v2\/pages\/1047"}],"collection":[{"href":"https:\/\/dynokraft.de\/page2\/wp-json\/wp\/v2\/pages"}],"about":[{"href":"https:\/\/dynokraft.de\/page2\/wp-json\/wp\/v2\/types\/page"}],"author":[{"embeddable":true,"href":"https:\/\/dynokraft.de\/page2\/wp-json\/wp\/v2\/users\/1"}],"replies":[{"embeddable":true,"href":"https:\/\/dynokraft.de\/page2\/wp-json\/wp\/v2\/comments?post=1047"}],"version-history":[{"count":34,"href":"https:\/\/dynokraft.de\/page2\/wp-json\/wp\/v2\/pages\/1047\/revisions"}],"predecessor-version":[{"id":2630,"href":"https:\/\/dynokraft.de\/page2\/wp-json\/wp\/v2\/pages\/1047\/revisions\/2630"}],"wp:featuredmedia":[{"embeddable":true,"href":"https:\/\/dynokraft.de\/page2\/wp-json\/wp\/v2\/media\/222"}],"wp:attachment":[{"href":"https:\/\/dynokraft.de\/page2\/wp-json\/wp\/v2\/media?parent=1047"}],"curies":[{"name":"wp","href":"https:\/\/api.w.org\/{rel}","templated":true}]}}